{"id":3318,"date":"2023-11-28T08:58:30","date_gmt":"2023-11-28T14:58:30","guid":{"rendered":"https:\/\/at2e-usa.com\/product\/dispositivo-automatico-para-muestreo-de-bebidas-absd-1\/"},"modified":"2024-10-12T08:25:08","modified_gmt":"2024-10-12T13:25:08","slug":"absd-1-dispositivo-automatico-para-muestreo-de-bebidas","status":"publish","type":"product","link":"https:\/\/at2e-usa.com\/es\/producto\/absd-1-dispositivo-automatico-para-muestreo-de-bebidas\/","title":{"rendered":"ABSD-1 Dispositivo para Muestreo Autom\u00e1tico de Bebidas"},"content":{"rendered":"<div class=\"paragraph\">\n<div>\n<p>Con el <strong>ABSD-1 Dispositivo para Muestreo Autom\u00e1tico de Bebidas<\/strong> de AT2E, el operador puede realzar un proceso de muestreo automatizado. Por ejemplo: el operador ajusta primero la profundidad de inserci\u00f3n del tubo de muestreo. Luego coloca la muestra, cierra la puerta y pulsa el bot\u00f3n de inicio en la pantalla t\u00e1ctil. Despu\u00e9s, el proceso de perforaci\u00f3n y muestreo se realizar\u00e1 autom\u00e1ticamente y la muestra ser\u00e1 sacada hacia la l\u00ednea de muestreo para el subsecuente an\u00e1lisis de CO2 y O2, as\u00ed como para otros an\u00e1lisis y pruebas.<\/p>\n<\/div>\n<div><\/div>\n<div><strong>Atributos y beneficios:<\/strong><\/div>\n<div class=\"paragraph\">\n<ul>\n<li>Proceso de muestreo seguro, f\u00e1cil y r\u00e1pido en comparaci\u00f3n con el dispositivo de muestreo manual.<\/li>\n<li>Compatible con diferentes tipos de envases, incluyendo botellas de vidrio, botellas de pl\u00e1stico y latas.<\/li>\n<li>Dise\u00f1o de pantalla t\u00e1ctil f\u00e1cil de usar.<\/li>\n<li>Ajuste f\u00e1cil para diferentes tama\u00f1os y tipos de envases.<\/li>\n<li>Funciona con instrumentos de otras marcas.<\/li>\n<\/ul>\n<\/div>\n<div class=\"paragraph\">\n<p><strong>Especificaciones t\u00e9cnicas:<\/strong><\/p>\n<ul>\n<li>Tama\u00f1o total: 14.5&#8243; x 16.9&#8243; x 46&#8243; \/ 368 x 428 x 1168 mm<\/li>\n<li>Rango de muestra:\n<ul>\n<li>3.15&#8243; a 15.75&#8243; \/ 80 a 400 mm de altura<\/li>\n<li>1.75&#8243; a 5&#8243; \/ 45 a \u00f8 125 mm de di\u00e1metro<\/li>\n<\/ul>\n<\/li>\n<li>Conexi\u00f3n:\n<ul>\n<li>\u00f8 8 mm para tubo de presi\u00f3n<\/li>\n<li>\u00f8 4 mm para tubo de muestreo<\/li>\n<\/ul>\n<\/li>\n<li>Requisito de presi\u00f3n: 70 a 115 psi \/ 5 &#8211; 8 bar<\/li>\n<li>Peso: 55 lbs \/ 25 kg<\/li>\n<\/ul>\n<\/div>\n<\/div>\n","protected":false},"excerpt":{"rendered":"<p><strong>Para cervezas y refrescos\u00a0<\/strong><\/p>\n<p>En las industrias cervecera y refresquera se requiere tomar muestras adecuadas y reproducibles de botellas y latas para sus diversos procesos de control de calidad. El equipo <strong>ABSD-1 Dispositivo para Muestreo Autom\u00e1tico de Bebidas<\/strong> de AT2E est\u00e1 dise\u00f1ado para ser el dispositivo inteligente, f\u00e1cil y seguro para realizar esta tarea.<\/p>\n","protected":false},"featured_media":3044,"comment_status":"open","ping_status":"closed","template":"","meta":[],"product_brand":[],"product_cat":[69,71],"product_tag":[],"class_list":{"0":"post-3318","1":"product","2":"type-product","3":"status-publish","4":"has-post-thumbnail","6":"product_cat-botella-de-vidrio","7":"product_cat-botellas-de-plastico-pet","9":"first","10":"instock","11":"shipping-taxable","12":"product-type-simple"},"_links":{"self":[{"href":"https:\/\/at2e-usa.com\/es\/wp-json\/wp\/v2\/product\/3318","targetHints":{"allow":["GET"]}}],"collection":[{"href":"https:\/\/at2e-usa.com\/es\/wp-json\/wp\/v2\/product"}],"about":[{"href":"https:\/\/at2e-usa.com\/es\/wp-json\/wp\/v2\/types\/product"}],"replies":[{"embeddable":true,"href":"https:\/\/at2e-usa.com\/es\/wp-json\/wp\/v2\/comments?post=3318"}],"version-history":[{"count":4,"href":"https:\/\/at2e-usa.com\/es\/wp-json\/wp\/v2\/product\/3318\/revisions"}],"predecessor-version":[{"id":9960,"href":"https:\/\/at2e-usa.com\/es\/wp-json\/wp\/v2\/product\/3318\/revisions\/9960"}],"wp:featuredmedia":[{"embeddable":true,"href":"https:\/\/at2e-usa.com\/es\/wp-json\/wp\/v2\/media\/3044"}],"wp:attachment":[{"href":"https:\/\/at2e-usa.com\/es\/wp-json\/wp\/v2\/media?parent=3318"}],"wp:term":[{"taxonomy":"product_brand","embeddable":true,"href":"https:\/\/at2e-usa.com\/es\/wp-json\/wp\/v2\/product_brand?post=3318"},{"taxonomy":"product_cat","embeddable":true,"href":"https:\/\/at2e-usa.com\/es\/wp-json\/wp\/v2\/product_cat?post=3318"},{"taxonomy":"product_tag","embeddable":true,"href":"https:\/\/at2e-usa.com\/es\/wp-json\/wp\/v2\/product_tag?post=3318"}],"curies":[{"name":"wp","href":"https:\/\/api.w.org\/{rel}","templated":true}]}}