{"id":3319,"date":"2023-11-25T13:56:32","date_gmt":"2023-11-25T19:56:32","guid":{"rendered":"https:\/\/at2e-usa.com\/product\/probador-de-explosion-latas-aerosol-acbt-1\/"},"modified":"2024-10-12T08:25:36","modified_gmt":"2024-10-12T13:25:36","slug":"probador-de-explosion-latas-aerosol-acbt-1","status":"publish","type":"product","link":"https:\/\/at2e-usa.com\/es\/producto\/probador-de-explosion-latas-aerosol-acbt-1\/","title":{"rendered":"Probador de Explosio\u0301n Latas Aerosol &#8211; ACBT-1"},"content":{"rendered":"<div class=\"paragraph\">\n<p><strong>ACBT-1 Probador de Explosi\u00f3n de Latas de Aerosol: Esencial para la Garant\u00eda de Calidad de Latas de Aerosol<\/strong><\/p>\n<p>El ACBT-1 es un instrumento especializado dise\u00f1ado para probar la resistencia a la presi\u00f3n interna de latas de aerosol, adecuado tanto para tipos de 3 piezas como mono-bloque. Este probador es ampliamente utilizado por fabricantes y usuarios de latas de aerosol, sirviendo como una herramienta cr\u00edtica para garantizar la calidad y el rendimiento del producto.<\/p>\n<p><strong>Proceso de Prueba:<\/strong><\/p>\n<ol>\n<li>Instale la lata de aerosol debajo del cabezal de afusi\u00f3n.<\/li>\n<li>Selle la muestra y cierre la puerta de seguridad.<\/li>\n<li>Inicie la prueba con un bot\u00f3n.<\/li>\n<li>Llenado autom\u00e1tico y presurizaci\u00f3n por el cabezal de afusi\u00f3n.<\/li>\n<li>Presurizaci\u00f3n continua hasta que la lata se deforme y finalmente explote.<\/li>\n<li>Registro autom\u00e1tico de valores de deformaci\u00f3n y explosi\u00f3n, mostrados en pantalla.<\/li>\n<\/ol>\n<p><strong>Caracter\u00edsticas:<\/strong><\/p>\n<ul>\n<li>PLC integrado con pantalla t\u00e1ctil de alta resoluci\u00f3n para control.<\/li>\n<li>Tres modos de prueba: Rampa de Llenado, Explosi\u00f3n y Personalizado para diversos requisitos de prueba.<\/li>\n<li>F\u00e1cil de usar con instalaci\u00f3n de muestra f\u00e1cil, sujeci\u00f3n autom\u00e1tica y llenado de agua.<\/li>\n<li>T\u00e9cnica de presurizaci\u00f3n lineal.<\/li>\n<li>Capacidad para almacenar datos de 10 operadores y 30 productos.<\/li>\n<li>Numeraci\u00f3n de lote y secuencia de productos personalizable.<\/li>\n<li>Revisi\u00f3n de curva de prueba en tiempo real.<\/li>\n<li>Construcci\u00f3n duradera de acero inoxidable.<\/li>\n<li>Dise\u00f1o avanzado de puerta de seguridad para protecci\u00f3n del operador.<\/li>\n<li>Salida RS232 para conectividad de datos.<\/li>\n<\/ul>\n<p><strong>Especificaciones T\u00e9cnicas:<\/strong><\/p>\n<ul>\n<li>Rango de Prueba: 0-40 bar (Resoluci\u00f3n: 0.01 bar, Precisi\u00f3n: \u00b10.5% F.S.)<\/li>\n<li>Unidades de Medida: Bar, PSI<\/li>\n<li>Rango de Muestra Compatible: Latas de aerosol est\u00e1ndar de 3 piezas y mono-bloque con un di\u00e1metro de 25.4 mm.<\/li>\n<li>Requisito de Suministro de Aire: 5 \u2013 8 bar<\/li>\n<li>Suministro de Energ\u00eda: 115 V \/ 230 V, 50-60Hz<\/li>\n<li>Dimensiones: 730 \u00d7 500 \u00d7 860 mm<\/li>\n<li>Peso Neto: 80 kg<\/li>\n<\/ul>\n<p><strong>Accesorios Opcionales:<\/strong><\/p>\n<ul>\n<li>Mini Impresora para reportes inmediatos.<\/li>\n<li>Software QualiBurstPlus para pruebas y an\u00e1lisis avanzados.<\/li>\n<\/ul>\n<p>El Probador de Explosi\u00f3n de Latas de Aerosol ACBT-1 es una herramienta indispensable para mantener los m\u00e1s altos est\u00e1ndares de producci\u00f3n de latas de aerosol, ofreciendo precisi\u00f3n, facilidad de operaci\u00f3n y seguridad.<\/p>\n<\/div>\n","protected":false},"excerpt":{"rendered":"<p>El\u00a0<strong>ACBT-1<\/strong>\u00a0es un instrumento para probar la Resistencia a la presio\u0301n interna de latas de aerosol (tanto para latas de aerosol de 3 partes o para latas de aerosol monobloque). El ACBT-1 fue disen\u0303ado de conformidad con las tres organizaciones internacionales de los me\u0301todos de prueba comu\u0301nmente utilizados.<\/p>\n","protected":false},"featured_media":4260,"comment_status":"open","ping_status":"closed","template":"","meta":[],"product_brand":[],"product_cat":[63,62],"product_tag":[],"class_list":{"0":"post-3319","1":"product","2":"type-product","3":"status-publish","4":"has-post-thumbnail","6":"product_cat-costura-de-latas","7":"product_cat-prueba-de-explosion","9":"first","10":"instock","11":"shipping-taxable","12":"product-type-simple"},"_links":{"self":[{"href":"https:\/\/at2e-usa.com\/es\/wp-json\/wp\/v2\/product\/3319","targetHints":{"allow":["GET"]}}],"collection":[{"href":"https:\/\/at2e-usa.com\/es\/wp-json\/wp\/v2\/product"}],"about":[{"href":"https:\/\/at2e-usa.com\/es\/wp-json\/wp\/v2\/types\/product"}],"replies":[{"embeddable":true,"href":"https:\/\/at2e-usa.com\/es\/wp-json\/wp\/v2\/comments?post=3319"}],"version-history":[{"count":1,"href":"https:\/\/at2e-usa.com\/es\/wp-json\/wp\/v2\/product\/3319\/revisions"}],"predecessor-version":[{"id":10128,"href":"https:\/\/at2e-usa.com\/es\/wp-json\/wp\/v2\/product\/3319\/revisions\/10128"}],"wp:featuredmedia":[{"embeddable":true,"href":"https:\/\/at2e-usa.com\/es\/wp-json\/wp\/v2\/media\/4260"}],"wp:attachment":[{"href":"https:\/\/at2e-usa.com\/es\/wp-json\/wp\/v2\/media?parent=3319"}],"wp:term":[{"taxonomy":"product_brand","embeddable":true,"href":"https:\/\/at2e-usa.com\/es\/wp-json\/wp\/v2\/product_brand?post=3319"},{"taxonomy":"product_cat","embeddable":true,"href":"https:\/\/at2e-usa.com\/es\/wp-json\/wp\/v2\/product_cat?post=3319"},{"taxonomy":"product_tag","embeddable":true,"href":"https:\/\/at2e-usa.com\/es\/wp-json\/wp\/v2\/product_tag?post=3319"}],"curies":[{"name":"wp","href":"https:\/\/api.w.org\/{rel}","templated":true}]}}