{"id":7601,"date":"2024-05-15T12:07:24","date_gmt":"2024-05-15T17:07:24","guid":{"rendered":"https:\/\/at2e-usa.com\/?post_type=product&#038;p=7601"},"modified":"2024-09-24T09:20:21","modified_gmt":"2024-09-24T14:20:21","slug":"calibre-control-pasa-no-pasa-pgng","status":"publish","type":"product","link":"https:\/\/at2e-usa.com\/es\/producto\/calibre-control-pasa-no-pasa-pgng\/","title":{"rendered":"PGNG &#8211; Calibre de Control Pasa No Pasa para Tapas de Botellas"},"content":{"rendered":"<p><strong>Calibre de Control Pasa No Pasa PGNG<\/strong><br \/>\nEl calibre de control pasa no pasa PGNG es una herramienta esencial para la verificaci\u00f3n de tapas de botellas de vidrio y pl\u00e1stico. Este dispositivo asegura que las tapas cumplan con las especificaciones de roscado, di\u00e1metro y espaciamiento necesarias.<\/p>\n<p><strong>Caracter\u00edsticas Principales<\/strong><\/p>\n<p>Precisi\u00f3n en la Verificaci\u00f3n: El PGNG verifica con precisi\u00f3n las roscas, di\u00e1metros exteriores y espaciamientos, asegurando la calidad y conformidad de las tapas.<br \/>\nFacilidad de Uso: Dise\u00f1ado para una r\u00e1pida verificaci\u00f3n, permite a los usuarios comprobar m\u00faltiples tapas de forma eficiente.<br \/>\nConstrucci\u00f3n Duradera: Fabricado con materiales resistentes, garantiza una larga vida \u00fatil y un desempe\u00f1o consistente en ambientes industriales.<br \/>\nBeneficios del PGNG<\/p>\n<p>Este calibre de control de AT2E es ideal para asegurar la calidad de las tapas de contenedores, reduciendo el riesgo de fallas en el empaque y mejorando la satisfacci\u00f3n del cliente. Con su dise\u00f1o robusto y precisi\u00f3n, es una adici\u00f3n valiosa a cualquier l\u00ednea de producci\u00f3n.<\/p>\n<p><strong>Especificaciones Adicionales<\/strong><\/p>\n<p>Fabricado seg\u00fan las especificaciones del cliente, el PGNG se adapta a diversas necesidades industriales, permitiendo la personalizaci\u00f3n para diferentes tipos de tapas y contenedores.<\/p>\n<p>Este medidor se fabrica seg\u00fan las especificaciones basadas en los dibujos y muestras del cliente.<\/p>\n","protected":false},"excerpt":{"rendered":"<p><strong>Para verificar el roscado, el di\u00e1metro y el espaciado de las botellas\u200b<\/strong><br \/>\nEl calibre de control pasa no pasa PGNG verifica roscas, di\u00e1metros y espaciamientos en tapas de botellas de vidrio y pl\u00e1stico.<\/p>\n","protected":false},"featured_media":7603,"comment_status":"open","ping_status":"closed","template":"","meta":[],"product_brand":[],"product_cat":[69,71,66,72],"product_tag":[],"class_list":{"0":"post-7601","1":"product","2":"type-product","3":"status-publish","4":"has-post-thumbnail","6":"product_cat-botella-de-vidrio","7":"product_cat-botellas-de-plastico-pet","8":"product_cat-dimensional-es","9":"product_cat-preforma-pet","11":"first","12":"instock","13":"shipping-taxable","14":"product-type-simple"},"_links":{"self":[{"href":"https:\/\/at2e-usa.com\/es\/wp-json\/wp\/v2\/product\/7601","targetHints":{"allow":["GET"]}}],"collection":[{"href":"https:\/\/at2e-usa.com\/es\/wp-json\/wp\/v2\/product"}],"about":[{"href":"https:\/\/at2e-usa.com\/es\/wp-json\/wp\/v2\/types\/product"}],"replies":[{"embeddable":true,"href":"https:\/\/at2e-usa.com\/es\/wp-json\/wp\/v2\/comments?post=7601"}],"version-history":[{"count":1,"href":"https:\/\/at2e-usa.com\/es\/wp-json\/wp\/v2\/product\/7601\/revisions"}],"predecessor-version":[{"id":9991,"href":"https:\/\/at2e-usa.com\/es\/wp-json\/wp\/v2\/product\/7601\/revisions\/9991"}],"wp:featuredmedia":[{"embeddable":true,"href":"https:\/\/at2e-usa.com\/es\/wp-json\/wp\/v2\/media\/7603"}],"wp:attachment":[{"href":"https:\/\/at2e-usa.com\/es\/wp-json\/wp\/v2\/media?parent=7601"}],"wp:term":[{"taxonomy":"product_brand","embeddable":true,"href":"https:\/\/at2e-usa.com\/es\/wp-json\/wp\/v2\/product_brand?post=7601"},{"taxonomy":"product_cat","embeddable":true,"href":"https:\/\/at2e-usa.com\/es\/wp-json\/wp\/v2\/product_cat?post=7601"},{"taxonomy":"product_tag","embeddable":true,"href":"https:\/\/at2e-usa.com\/es\/wp-json\/wp\/v2\/product_tag?post=7601"}],"curies":[{"name":"wp","href":"https:\/\/api.w.org\/{rel}","templated":true}]}}