{"id":8991,"date":"2024-08-12T08:03:22","date_gmt":"2024-08-12T13:03:22","guid":{"rendered":"https:\/\/at2e-usa.com\/?post_type=product&#038;p=8991"},"modified":"2024-09-24T09:20:08","modified_gmt":"2024-09-24T14:20:08","slug":"medicion-de-co2-co2easy-da-automatico","status":"publish","type":"product","link":"https:\/\/at2e-usa.com\/es\/producto\/medicion-de-co2-co2easy-da-automatico\/","title":{"rendered":"CO2EASY-DA CALCULADORA AUTOMATICA DE CO2"},"content":{"rendered":"<p>Para que la calidad y el sabor de todo tipo de refrescos sean constantes, el par\u00e1metro cr\u00edtico es el contenido de CO2 (di\u00f3xido de carbono) en el l\u00edquido. Nuestro dispositivo de medici\u00f3n de CO2 es un equipo est\u00e1ndar y ampliamente utilizado en cervecer\u00edas y en la industria de bebidas no alcoh\u00f3licas para medir frecuentemente el contenido de CO2 durante la producci\u00f3n.<\/p>\n<p>Con la calculadora autom\u00e1tica de CO2, el contenido de CO2 en la cerveza y las bebidas carbonatadas se puede calcular autom\u00e1ticamente despu\u00e9s de perforar.<\/p>\n<p>&nbsp;<\/p>\n<p><strong><u>Especificaciones t\u00e9cnicas:<\/u><\/strong><\/p>\n<ul>\n<li>Rango de m\u00e9dicion:\n<ul>\n<li>CO<sub>2<\/sub>: 00 a 9.99 g\/l<\/li>\n<li>Temperatura: 0 a 60 \u00b0C<\/li>\n<li>Presion: 0 to 6 bar<\/li>\n<\/ul>\n<\/li>\n<li>Pr\u00e9cisen:\n<ul>\n<li>CO2: \u00b1 0.5% F.S.<\/li>\n<li>Temperatura: \u00b10.5% F.S.<\/li>\n<li>Presion: \u00b1 0.5% F.S.<\/li>\n<\/ul>\n<\/li>\n<li>Resolucion:\n<ul>\n<li>Temperatura: 0.1 \u00b0C<\/li>\n<li>Presion: 0.01 bar<\/li>\n<\/ul>\n<\/li>\n<li>Unidades:\n<ul>\n<li>CO2: g\/L, Vol, %b.w, P20[kg\/cm<sup>2<\/sup>]<\/li>\n<li>Presion: bar, psi<\/li>\n<li>Temperatura: \u00b0C, \u00b0F<\/li>\n<\/ul>\n<\/li>\n<li>Rango de m\u00e9dicion de la muestra:\n<ul>\n<li>Altura: 50 mm &#8211; 330 mm (mayor por pedido)<\/li>\n<li>Di\u00e1metro: m\u00e1x. 105 mm (mayor por pedido)<\/li>\n<\/ul>\n<\/li>\n<li>Dimensions: 220(L) x 250(W) x 480(H) mm<\/li>\n<li>Peso neto: 3 kg<\/li>\n<\/ul>\n","protected":false},"excerpt":{"rendered":"<p><strong>Medidor autom\u00e1tico de CO2 para botellas y latas<\/strong><\/p>\n<p>Para una calidad y sabor constante en todo tipo de bebidas carbonatas, el par\u00e1metro cr\u00edtico es el contenido de CO2 (di\u00f3xido de carbono) en el l\u00edquido.<\/p>\n<p class=\" translation-block\">Nuestro medidor autom\u00e1tico <strong>CO2EASY-DA<\/strong> es ampliamente utilizado en la industria cervecera y de bebidas sin alcohol para medir con frecuencia el contenido de CO2 durante la producci\u00f3n.<\/p>\n","protected":false},"featured_media":8993,"comment_status":"closed","ping_status":"closed","template":"","meta":[],"product_brand":[],"product_cat":[69,71],"product_tag":[],"class_list":{"0":"post-8991","1":"product","2":"type-product","3":"status-publish","4":"has-post-thumbnail","6":"product_cat-botella-de-vidrio","7":"product_cat-botellas-de-plastico-pet","9":"first","10":"instock","11":"shipping-taxable","12":"product-type-simple"},"_links":{"self":[{"href":"https:\/\/at2e-usa.com\/es\/wp-json\/wp\/v2\/product\/8991","targetHints":{"allow":["GET"]}}],"collection":[{"href":"https:\/\/at2e-usa.com\/es\/wp-json\/wp\/v2\/product"}],"about":[{"href":"https:\/\/at2e-usa.com\/es\/wp-json\/wp\/v2\/types\/product"}],"replies":[{"embeddable":true,"href":"https:\/\/at2e-usa.com\/es\/wp-json\/wp\/v2\/comments?post=8991"}],"version-history":[{"count":1,"href":"https:\/\/at2e-usa.com\/es\/wp-json\/wp\/v2\/product\/8991\/revisions"}],"predecessor-version":[{"id":9950,"href":"https:\/\/at2e-usa.com\/es\/wp-json\/wp\/v2\/product\/8991\/revisions\/9950"}],"wp:featuredmedia":[{"embeddable":true,"href":"https:\/\/at2e-usa.com\/es\/wp-json\/wp\/v2\/media\/8993"}],"wp:attachment":[{"href":"https:\/\/at2e-usa.com\/es\/wp-json\/wp\/v2\/media?parent=8991"}],"wp:term":[{"taxonomy":"product_brand","embeddable":true,"href":"https:\/\/at2e-usa.com\/es\/wp-json\/wp\/v2\/product_brand?post=8991"},{"taxonomy":"product_cat","embeddable":true,"href":"https:\/\/at2e-usa.com\/es\/wp-json\/wp\/v2\/product_cat?post=8991"},{"taxonomy":"product_tag","embeddable":true,"href":"https:\/\/at2e-usa.com\/es\/wp-json\/wp\/v2\/product_tag?post=8991"}],"curies":[{"name":"wp","href":"https:\/\/api.w.org\/{rel}","templated":true}]}}