{"id":9232,"date":"2024-08-19T10:51:13","date_gmt":"2024-08-19T15:51:13","guid":{"rendered":"https:\/\/at2e-usa.com\/?post_type=product&#038;p=9232"},"modified":"2024-09-24T09:19:52","modified_gmt":"2024-09-24T14:19:52","slug":"sct-eco-probador-neumatico-de-grietas-por-tension","status":"publish","type":"product","link":"https:\/\/at2e-usa.com\/es\/producto\/sct-eco-probador-neumatico-de-grietas-por-tension\/","title":{"rendered":"SCT-ECO &#8211; Probador Neum\u00e1tico de Grietas por Tensi\u00f3n"},"content":{"rendered":"<div class=\"paragraph\">\n<p>El SCT-ECO de AT2E es un probador de fracturaci\u00f3n por presi\u00f3n, y est\u00e1 dise\u00f1ado para probar la presi\u00f3n interna en la base de la botella y para determinar la resistencia a la rotura por presi\u00f3n de las botellas de refrescos carbonatados PET moldeadas por soplado mediante la valoraci\u00f3n de la propensi\u00f3n a la rotura de la base tras la exposici\u00f3n a una soluci\u00f3n acuosa de hidr\u00f3xido de sodio bajo un ambiente controlado, para estimar el comportamiento a largo plazo de las botellas.<\/p>\n<p><strong><u>Atributos:<\/u><\/strong><\/p>\n<ul>\n<li>Dise\u00f1o de m\u00faltiples posiciones, m\u00e1s conveniente y eficiente (consulte AT2E para otras solicitudes de posici\u00f3n).<\/li>\n<li>Estructura de acero inoxidable de alta calidad que es seguro y duradero.<\/li>\n<li>Los componentes de control superiores aseguran la precisi\u00f3n y durabilidad.<\/li>\n<li>Selecci\u00f3n de posici\u00f3n flexible: cada posici\u00f3n se puede controlar manualmente por separado.<\/li>\n<li>Los usuarios pueden habilitar las posiciones (de 1 a 12) seg\u00fan su requerimiento de prueba.<\/li>\n<li>Adecuado para probar varios tama\u00f1os de botella.<\/li>\n<li>Dise\u00f1o mec\u00e1nico total y sin electricidad, m\u00e1s compatible y adaptable a diferentes entornos de trabajo<\/li>\n<li>Dise\u00f1o resistente a la corrosi\u00f3n<\/li>\n<li>Ventana de observaci\u00f3n clara y antiexplosi\u00f3n que es segura y f\u00e1cil de observar el estado de la muestra durante una prueba.<\/li>\n<li>Varios dise\u00f1os de seguridad<\/li>\n<\/ul>\n<\/div>\n<div><\/div>\n<div class=\"paragraph\">\n<p><strong><u>Especificaciones T\u00e9cnicas:<\/u><\/strong><\/p>\n<ul>\n<li>Presi\u00f3n de prueba: 0 &#8211; 6 bar (consulte a AT2E para solicitar una presi\u00f3n mayor)<\/li>\n<li>Precisi\u00f3n: Presi\u00f3n de prueba: \u00b1 0,5% F.S.<\/li>\n<li>Resoluci\u00f3n de pantalla: 0, 2 Bar<\/li>\n<li>Unidades de presi\u00f3n: Bar \/ psi<\/li>\n<li>Rango de muestra: 60-125 mm de di\u00e1metro \/ 160-350 mm de altura (consulte AT2E para obtener una muestra m\u00e1s grande)<\/li>\n<li>Soluci\u00f3n recomendada: Soluci\u00f3n de hidr\u00f3xido de sodio (NaOH) al 0,200%<\/li>\n<li>Temperatura de funcionamiento recomendada: 5-50 \u00b0 C<\/li>\n<li>Suministro de aire: 7-8 Bar (Suministro de aire \u2265Presi\u00f3n de prueba m\u00e1xima)<\/li>\n<li>Tama\u00f1o total: 1100 x 860 x 1150 mm (L x W x H)<\/li>\n<li>Peso neto: 130 kilogramos<\/li>\n<\/ul>\n<\/div>\n","protected":false},"excerpt":{"rendered":"<div class=\"paragraph\">\n<div class=\"paragraph\"><strong>Para probar la resistencia a las grietas por estr\u00e9s de m\u00faltiples botellas de refresco carbonatado<\/strong><\/div>\n<div>El Probador de Grietas por Estr\u00e9s <strong>SCT-ECO<\/strong>\u00a0de AT2E est\u00e1 dise\u00f1ado para probar el estr\u00e9s interno en la base de una botella y para determinar la resistencia a las grietas por estr\u00e9s de botellas de refrescos carbonatados de PET moldeadas por soplado. Al medir la propensi\u00f3n a la grieta en la base al exponerse a una soluci\u00f3n acuosa de hidr\u00f3xido de sodio en un ambiente controlado, el usuario puede simular el comportamiento a largo plazo de las botellas.<\/div>\n<\/div>\n<div>\n<p><strong>Modelos disponibles:<\/strong><\/p>\n<ul>\n<li>6 posiciones de prueba<\/li>\n<li>12 posiciones de prueba<\/li>\n<li>26 posiciones de prueba<\/li>\n<\/ul>\n<\/div>\n<div class=\"paragraph\">\n<div><\/div>\n<\/div>\n","protected":false},"featured_media":9234,"comment_status":"closed","ping_status":"closed","template":"","meta":[],"product_brand":[],"product_cat":[71,73],"product_tag":[],"class_list":{"0":"post-9232","1":"product","2":"type-product","3":"status-publish","4":"has-post-thumbnail","6":"product_cat-botellas-de-plastico-pet","7":"product_cat-prueba-de-estres","9":"first","10":"instock","11":"shipping-taxable","12":"product-type-simple"},"_links":{"self":[{"href":"https:\/\/at2e-usa.com\/es\/wp-json\/wp\/v2\/product\/9232","targetHints":{"allow":["GET"]}}],"collection":[{"href":"https:\/\/at2e-usa.com\/es\/wp-json\/wp\/v2\/product"}],"about":[{"href":"https:\/\/at2e-usa.com\/es\/wp-json\/wp\/v2\/types\/product"}],"replies":[{"embeddable":true,"href":"https:\/\/at2e-usa.com\/es\/wp-json\/wp\/v2\/comments?post=9232"}],"version-history":[{"count":2,"href":"https:\/\/at2e-usa.com\/es\/wp-json\/wp\/v2\/product\/9232\/revisions"}],"predecessor-version":[{"id":9990,"href":"https:\/\/at2e-usa.com\/es\/wp-json\/wp\/v2\/product\/9232\/revisions\/9990"}],"wp:featuredmedia":[{"embeddable":true,"href":"https:\/\/at2e-usa.com\/es\/wp-json\/wp\/v2\/media\/9234"}],"wp:attachment":[{"href":"https:\/\/at2e-usa.com\/es\/wp-json\/wp\/v2\/media?parent=9232"}],"wp:term":[{"taxonomy":"product_brand","embeddable":true,"href":"https:\/\/at2e-usa.com\/es\/wp-json\/wp\/v2\/product_brand?post=9232"},{"taxonomy":"product_cat","embeddable":true,"href":"https:\/\/at2e-usa.com\/es\/wp-json\/wp\/v2\/product_cat?post=9232"},{"taxonomy":"product_tag","embeddable":true,"href":"https:\/\/at2e-usa.com\/es\/wp-json\/wp\/v2\/product_tag?post=9232"}],"curies":[{"name":"wp","href":"https:\/\/api.w.org\/{rel}","templated":true}]}}