{"id":9260,"date":"2024-08-19T13:56:31","date_gmt":"2024-08-19T18:56:31","guid":{"rendered":"https:\/\/at2e-usa.com\/?post_type=product&#038;p=9260"},"modified":"2024-09-24T09:19:41","modified_gmt":"2024-09-24T14:19:41","slug":"sct-plc-analizador-de-estres","status":"publish","type":"product","link":"https:\/\/at2e-usa.com\/es\/producto\/sct-plc-analizador-de-estres\/","title":{"rendered":"SCT-PLC Analizador de Estr\u00e9s"},"content":{"rendered":"<div class=\"paragraph\">\n<p>El <strong>SCT-PLC<\/strong> de AT2E es dise\u00f1ado para probar la tensi\u00f3n interna en la base de botella y para determinar la resistencia al estr\u00e9s de las botellas sopladas para bebidas carbonatadas midiendo la propensi\u00f3n de la base a romperse ante la exposici\u00f3n a una soluci\u00f3n acuosa de hidr\u00f3xido de sodio en un medio controlado, para estimar el comportamiento de las botellas a largo tiempo.<\/p>\n<p><strong><u>Atributos:<\/u><\/strong><\/p>\n<ul>\n<li>Dise\u00f1o multiposiciones, m\u00e1s conveniente y eficiente (consulte asesor AT2E para otras posiciones).<\/li>\n<li>2 modos de prueba, SP y PS:\n<ul>\n<li>El modo SP llena autom\u00e1ticamente las muestras con agua y llena los recipientes con soluci\u00f3n, luego las unidades evaluadas descienden a la distancia predefinida y luego presuriza las muestras de acuerdo con la configuraci\u00f3n del ciclo.<\/li>\n<li>El modo PS llena autom\u00e1ticamente las muestras con agua y llena los recipientes con soluci\u00f3n, luego presuriza primero la muestra y la mantiene por el tiempo preestablecido, despu\u00e9s las unidades descienden a la distancia predefinida y mantiene la presi\u00f3n de acuerdo con el ajuste del ciclo.<\/li>\n<\/ul>\n<\/li>\n<li>Control por PLC que asegura confiabilidad y repetitividad<\/li>\n<li>Hecho en acero inoxidable para m\u00e1s seguridad y duraci\u00f3n<\/li>\n<li>Selecci\u00f3n de posici\u00f3n flexible, cada posici\u00f3n puede ser controlada separadamente por el usuario.<\/li>\n<li>Sistema autom\u00e1tico de llenado<\/li>\n<li>Compensaci\u00f3n autom\u00e1tica de la presi\u00f3n durante la prueba.<\/li>\n<li>Adecuado para varios tama\u00f1os de botella.<\/li>\n<li>Dise\u00f1o resistente a la corrosi\u00f3n.<\/li>\n<li>Ventana antiexplosi\u00f3n que permite ver el comportamiento de la botella durante la prueba.<\/li>\n<li>Diferentes dise\u00f1os de seguridad.<\/li>\n<\/ul>\n<\/div>\n<div class=\"paragraph\">\n<p><strong><u>Especificaciones T\u00e9cnicas:<\/u><\/strong><\/p>\n<ul>\n<li>Presi\u00f3n de prueba: seleccionable desde 0 hasta 6 bar (consulte AT2E para solicitud de presi\u00f3n m\u00e1s alta)<\/li>\n<li>Resoluci\u00f3n de pantalla: 0.01 Bar<\/li>\n<li>Unidades de presi\u00f3n: Bar \/ psi<\/li>\n<li>Tiempo de prueba: seleccionable de 0 a 200 minutos (consulte AT2E para solicitar m\u00e1s tiempo de prueba)<\/li>\n<li>Rango de muestra: 60 &#8211; 120 mm de di\u00e1metro \/ 150 &#8211; 350 mm de altura (consulte AT2E para mayor rango)<\/li>\n<li>Pantalla t\u00e1ctil LCD de 7<\/li>\n<li>Soluci\u00f3n recomendada: Soluci\u00f3n de Hidr\u00f3xido de Sodio (NaOH) 0.200%<\/li>\n<li>Temperatura de funcionamiento recomendada: 2 &#8211; 50 \u00b0 C<\/li>\n<li>Puerto de comunicaci\u00f3n: RS232<\/li>\n<li>Suministro de aire: 0-8 Bar (suministro de aire \u2265 M\u00e1x presi\u00f3n de prueba)<\/li>\n<li>Abastecimiento de agua: agua corriente (\u2265 1,5 bar)<\/li>\n<li>Suministro principal: 220 V<\/li>\n<li>Tama\u00f1o total:\n<ul>\n<li>Una posici\u00f3n: 700 \u00d7 620 \u00d7 1835 (L x W x H) mm<\/li>\n<li>12 posiciones: 3050 \u00d7 620 \u00d7 1660 (L x W x H) mm<\/li>\n<\/ul>\n<\/li>\n<li>Peso neto:\n<ul>\n<li>175 Kg (una posici\u00f3n)<\/li>\n<li>750 kg (12 poisiciones) 250 kg<\/li>\n<\/ul>\n<\/li>\n<\/ul>\n<p><strong><u>Piezas Opcionales:<\/u><\/strong><\/p>\n<ul>\n<li>Mini impresora<\/li>\n<li>Software QUALICRACK<\/li>\n<\/ul>\n<\/div>\n","protected":false},"excerpt":{"rendered":"<div class=\"paragraph\">\n<div class=\"paragraph\"><strong>Para probar la resistencia a las grietas por estr\u00e9s de botellas de refresco carbonatado<\/strong><\/div>\n<\/div>\n<div class=\"paragraph\">\n<div><\/div>\n<div>El <strong>SCT-PLC<\/strong> de AT2E es dise\u00f1ado para probar la tensi\u00f3n interna en la base de botella y para determinar la resistencia al estr\u00e9s de las botellas sopladas para bebidas carbonatadas midiendo la propensi\u00f3n de la base a romperse ante la exposici\u00f3n a una soluci\u00f3n acuosa de hidr\u00f3xido de sodio en un medio controlado, para estimar el comportamiento de las botellas a largo tiempo.<\/div>\n<\/div>\n","protected":false},"featured_media":9262,"comment_status":"closed","ping_status":"closed","template":"","meta":[],"product_brand":[],"product_cat":[71,73],"product_tag":[],"class_list":{"0":"post-9260","1":"product","2":"type-product","3":"status-publish","4":"has-post-thumbnail","6":"product_cat-botellas-de-plastico-pet","7":"product_cat-prueba-de-estres","9":"first","10":"instock","11":"shipping-taxable","12":"product-type-simple"},"_links":{"self":[{"href":"https:\/\/at2e-usa.com\/es\/wp-json\/wp\/v2\/product\/9260","targetHints":{"allow":["GET"]}}],"collection":[{"href":"https:\/\/at2e-usa.com\/es\/wp-json\/wp\/v2\/product"}],"about":[{"href":"https:\/\/at2e-usa.com\/es\/wp-json\/wp\/v2\/types\/product"}],"replies":[{"embeddable":true,"href":"https:\/\/at2e-usa.com\/es\/wp-json\/wp\/v2\/comments?post=9260"}],"version-history":[{"count":2,"href":"https:\/\/at2e-usa.com\/es\/wp-json\/wp\/v2\/product\/9260\/revisions"}],"predecessor-version":[{"id":9989,"href":"https:\/\/at2e-usa.com\/es\/wp-json\/wp\/v2\/product\/9260\/revisions\/9989"}],"wp:featuredmedia":[{"embeddable":true,"href":"https:\/\/at2e-usa.com\/es\/wp-json\/wp\/v2\/media\/9262"}],"wp:attachment":[{"href":"https:\/\/at2e-usa.com\/es\/wp-json\/wp\/v2\/media?parent=9260"}],"wp:term":[{"taxonomy":"product_brand","embeddable":true,"href":"https:\/\/at2e-usa.com\/es\/wp-json\/wp\/v2\/product_brand?post=9260"},{"taxonomy":"product_cat","embeddable":true,"href":"https:\/\/at2e-usa.com\/es\/wp-json\/wp\/v2\/product_cat?post=9260"},{"taxonomy":"product_tag","embeddable":true,"href":"https:\/\/at2e-usa.com\/es\/wp-json\/wp\/v2\/product_tag?post=9260"}],"curies":[{"name":"wp","href":"https:\/\/api.w.org\/{rel}","templated":true}]}}