{"id":9326,"date":"2024-08-20T12:21:04","date_gmt":"2024-08-20T17:21:04","guid":{"rendered":"https:\/\/at2e-usa.com\/?post_type=product&#038;p=9326"},"modified":"2024-09-24T09:19:24","modified_gmt":"2024-09-24T14:19:24","slug":"apl-mpl-p-visor-de-estres-para-preformas","status":"publish","type":"product","link":"https:\/\/at2e-usa.com\/es\/producto\/apl-mpl-p-visor-de-estres-para-preformas\/","title":{"rendered":"APL-P \/ MPL-P Polariscopios Para Preforma con Rotaci\u00f3n (Visor de estr\u00e9s para PET)"},"content":{"rendered":"<p>La luminiscencia es el resultado de las l\u00edneas de flujo de los pol\u00edmeros (orientaci\u00f3n molecular) producidas durante el proceso de inyecci\u00f3n.<\/p>\n<p>APL-P y MPL-P de AT2E son modelos que con un dise\u00f1o de rotaci\u00f3n (autom\u00e1tica en APL-P), permiten las preformas pueden girar libremente, para ser observadas en 360\u00b0. M\u00faltiples posiciones de soporte de acabado de preforma, capaz de observar m\u00faltiples muestras al mismo tiempo, mayor eficiencia y m\u00e1s conveniente<\/p>\n<p>&nbsp;<\/p>\n","protected":false},"excerpt":{"rendered":"<p><strong>Visor de tensi\u00f3n de preformas de PET con rotaci\u00f3n para observar debilidades y puntos de tensi\u00f3n\u00a0<\/strong><\/p>\n<p>Muchos defectos sobre las preformas pueden estar detectadas con APL-P o MPL-P. Las preformas expuestas dejan ver sus patrones de luminiscencia.<\/p>\n","protected":false},"featured_media":9330,"comment_status":"closed","ping_status":"closed","template":"","meta":[],"product_brand":[],"product_cat":[71,72],"product_tag":[],"class_list":{"0":"post-9326","1":"product","2":"type-product","3":"status-publish","4":"has-post-thumbnail","6":"product_cat-botellas-de-plastico-pet","7":"product_cat-preforma-pet","9":"first","10":"instock","11":"shipping-taxable","12":"product-type-simple"},"_links":{"self":[{"href":"https:\/\/at2e-usa.com\/es\/wp-json\/wp\/v2\/product\/9326","targetHints":{"allow":["GET"]}}],"collection":[{"href":"https:\/\/at2e-usa.com\/es\/wp-json\/wp\/v2\/product"}],"about":[{"href":"https:\/\/at2e-usa.com\/es\/wp-json\/wp\/v2\/types\/product"}],"replies":[{"embeddable":true,"href":"https:\/\/at2e-usa.com\/es\/wp-json\/wp\/v2\/comments?post=9326"}],"version-history":[{"count":1,"href":"https:\/\/at2e-usa.com\/es\/wp-json\/wp\/v2\/product\/9326\/revisions"}],"predecessor-version":[{"id":9953,"href":"https:\/\/at2e-usa.com\/es\/wp-json\/wp\/v2\/product\/9326\/revisions\/9953"}],"wp:featuredmedia":[{"embeddable":true,"href":"https:\/\/at2e-usa.com\/es\/wp-json\/wp\/v2\/media\/9330"}],"wp:attachment":[{"href":"https:\/\/at2e-usa.com\/es\/wp-json\/wp\/v2\/media?parent=9326"}],"wp:term":[{"taxonomy":"product_brand","embeddable":true,"href":"https:\/\/at2e-usa.com\/es\/wp-json\/wp\/v2\/product_brand?post=9326"},{"taxonomy":"product_cat","embeddable":true,"href":"https:\/\/at2e-usa.com\/es\/wp-json\/wp\/v2\/product_cat?post=9326"},{"taxonomy":"product_tag","embeddable":true,"href":"https:\/\/at2e-usa.com\/es\/wp-json\/wp\/v2\/product_tag?post=9326"}],"curies":[{"name":"wp","href":"https:\/\/api.w.org\/{rel}","templated":true}]}}