{"id":9397,"date":"2024-08-21T13:12:11","date_gmt":"2024-08-21T18:12:11","guid":{"rendered":"https:\/\/at2e-usa.com\/?post_type=product&#038;p=9397"},"modified":"2024-09-24T09:19:13","modified_gmt":"2024-09-24T14:19:13","slug":"bsd-1-dispositivo-para-muestreo-de-bebidas","status":"publish","type":"product","link":"https:\/\/at2e-usa.com\/es\/producto\/bsd-1-dispositivo-para-muestreo-de-bebidas\/","title":{"rendered":"BSD-1 Dispositivo para Muestreo de Bebidas"},"content":{"rendered":"<div>\n<p>El <strong>BSD-1 Dispositivo para Muestreo de Bebidas<\/strong> de AT2E es un dispositivo para perforaci\u00f3n y muestreo de bebidas que permite tomar muestras de productos embotellados o enlatados. Con una operaci\u00f3n muy sencilla, conecte la tuber\u00eda de presurizaci\u00f3n a la fuente de presi\u00f3n, instale la bebida en la base, levante el mango y se realizar\u00e1 la perforaci\u00f3n. Baje la aguja perforadora hasta el fondo de la muestra, luego abra el grifo para aumentar la presi\u00f3n en el espacio de aire de la muestra, con efecto de presi\u00f3n, el l\u00edquido fluir\u00e1 hacia el instrumento de medici\u00f3n instalado al lado.<\/p>\n<p>Varias aplicaciones de an\u00e1lisis adecuadas dependiendo del instrumento de an\u00e1lisis con el que se vincula.<\/p>\n<p>Se utiliza principalmente en las industrias de cervezas y refrescos.<\/p>\n<p>&nbsp;<\/p>\n<\/div>\n<div class=\"paragraph\">\n<p><strong>Especificaciones t\u00e9cnicas:<\/strong><\/p>\n<ul>\n<li>Tubo de muestreo: 6 mm \u00d8<\/li>\n<li>Altura de la botella \/ lata: min. 40 mm, m\u00e1x. 380 mm<\/li>\n<li>Di\u00e1metro de la botella \/ lata: m\u00e1x. 110 mm<\/li>\n<li>Requisito de presi\u00f3n: 0 &#8211; 2 bar<\/li>\n<li>Dimensiones (D x H): 130 X 465 mm<\/li>\n<li>Peso: 2 kg<\/li>\n<\/ul>\n<\/div>\n","protected":false},"excerpt":{"rendered":"<p><strong>Para cervezas y refrescos\u00a0<\/strong><\/p>\n<p>En las industrias cervecera y refresquera se requiere tomar muestras adecuadas y reproducibles de botellas y latas para sus diversos procesos de control de calidad. El equipo <strong>BSD-1 Dispositivo para Muestreo de Bebidas<\/strong> de AT2E est\u00e1 dise\u00f1ado para ser el dispositivo f\u00e1cil y seguro para realizar esta tarea.<\/p>\n","protected":false},"featured_media":9399,"comment_status":"open","ping_status":"closed","template":"","meta":[],"product_brand":[],"product_cat":[69,71],"product_tag":[],"class_list":{"0":"post-9397","1":"product","2":"type-product","3":"status-publish","4":"has-post-thumbnail","6":"product_cat-botella-de-vidrio","7":"product_cat-botellas-de-plastico-pet","9":"first","10":"instock","11":"shipping-taxable","12":"product-type-simple"},"_links":{"self":[{"href":"https:\/\/at2e-usa.com\/es\/wp-json\/wp\/v2\/product\/9397","targetHints":{"allow":["GET"]}}],"collection":[{"href":"https:\/\/at2e-usa.com\/es\/wp-json\/wp\/v2\/product"}],"about":[{"href":"https:\/\/at2e-usa.com\/es\/wp-json\/wp\/v2\/types\/product"}],"replies":[{"embeddable":true,"href":"https:\/\/at2e-usa.com\/es\/wp-json\/wp\/v2\/comments?post=9397"}],"version-history":[{"count":3,"href":"https:\/\/at2e-usa.com\/es\/wp-json\/wp\/v2\/product\/9397\/revisions"}],"predecessor-version":[{"id":9957,"href":"https:\/\/at2e-usa.com\/es\/wp-json\/wp\/v2\/product\/9397\/revisions\/9957"}],"wp:featuredmedia":[{"embeddable":true,"href":"https:\/\/at2e-usa.com\/es\/wp-json\/wp\/v2\/media\/9399"}],"wp:attachment":[{"href":"https:\/\/at2e-usa.com\/es\/wp-json\/wp\/v2\/media?parent=9397"}],"wp:term":[{"taxonomy":"product_brand","embeddable":true,"href":"https:\/\/at2e-usa.com\/es\/wp-json\/wp\/v2\/product_brand?post=9397"},{"taxonomy":"product_cat","embeddable":true,"href":"https:\/\/at2e-usa.com\/es\/wp-json\/wp\/v2\/product_cat?post=9397"},{"taxonomy":"product_tag","embeddable":true,"href":"https:\/\/at2e-usa.com\/es\/wp-json\/wp\/v2\/product_tag?post=9397"}],"curies":[{"name":"wp","href":"https:\/\/api.w.org\/{rel}","templated":true}]}}